{"id":3413,"date":"2017-11-04T01:24:05","date_gmt":"2017-11-03T22:24:05","guid":{"rendered":"https:\/\/dormikibris.com\/photo-gallery\/"},"modified":"2019-11-28T17:46:58","modified_gmt":"2019-11-28T14:46:58","slug":"fotograf-galerisi","status":"publish","type":"page","link":"https:\/\/dormikibris.com\/fotograf-galerisi\/","title":{"rendered":"Photos","raw":"Photos"},"content":{"rendered":"<p>[vc_row vl_row=&#8221;vl_f_w&#8221; btt_clip=&#8221;&#8221; vl_c_i=&#8221;true&#8221; css=&#8221;.vc_custom_1511875437036{padding-bottom: 70px !important;}&#8221;][vc_column]<div class=\"vl-hero-title-holder\" id=\"vlthemes_el_69f371c1aafe3\"><div class=\"vl-hero-phantom-text h1\" data-jarallax-element=\"-100\">Photo Gallery<\/div><div class=\"vl-hero-title-content\"><h1 class=\"vl-hero-title vl-primary-color\">Photo Gallery<\/h1><p class=\"vl-hero-subtitle\">DORM\u0130 PHOTOS<\/p><\/div><\/div><style type=\"text\/css\" data-type=\"vc_custom-css\">#vlthemes_el_69f371c1aafe3 {margin:;padding:;}<\/style>[\/vc_column][\/vc_row][vc_row gap=&#8221;10&#8243; vl_row=&#8221;vl_f_w&#8221; btt_clip=&#8221;&#8221; css=&#8221;.vc_custom_1571155477654{margin-top: 10px !important;margin-bottom: 10px !important;}&#8221;][vc_column width=&#8221;1\/3&#8243;]<div class=\"vl-single-image vl-preload-blind\" id=\"vlthemes_el_69f371c1aaff8\"><a class=\"lightbox-link\" href=\"https:\/\/dormikibris.com\/wp-content\/uploads\/2018\/03\/student-hostel-rooms-cyprus-1920x1278.jpg\"><img src=\"https:\/\/dormikibris.com\/wp-content\/uploads\/2018\/03\/student-hostel-rooms-cyprus-1920x1278.jpg\" alt=\"Kuzey K\u0131br\u0131s Kiral\u0131k Oda\"><\/a><\/div><style type=\"text\/css\" data-type=\"vc_custom-css\">#vlthemes_el_69f371c1aaff8{margin:;padding:;}<\/style>[\/vc_column][vc_column width=&#8221;1\/3&#8243;]<div class=\"vl-single-image vl-preload-blind\" id=\"vlthemes_el_69f371c1ab12e\"><a class=\"lightbox-link\" href=\"https:\/\/dormikibris.com\/wp-content\/uploads\/2018\/03\/student-accomodation-nicosia-1920x1277.jpg\"><img src=\"https:\/\/dormikibris.com\/wp-content\/uploads\/2018\/03\/student-accomodation-nicosia-1920x1277.jpg\" alt=\"KKTC\u2019de kiral\u0131k st\u00fcdyo daire\"><\/a><\/div><style type=\"text\/css\" data-type=\"vc_custom-css\">#vlthemes_el_69f371c1ab12e{margin:;padding:;}<\/style>[\/vc_column][vc_column width=&#8221;1\/3&#8243;]<div class=\"vl-single-image vl-preload-blind\" id=\"vlthemes_el_69f371c1ab20f\"><a class=\"lightbox-link\" href=\"https:\/\/dormikibris.com\/wp-content\/uploads\/2018\/03\/nicosia-student-rent-room-1920x1277.jpg\"><img src=\"https:\/\/dormikibris.com\/wp-content\/uploads\/2018\/03\/nicosia-student-rent-room-1920x1277.jpg\" alt=\"\u00d6\u011frenci Yurdu Kiral\u0131k Odalar\"><\/a><\/div><style type=\"text\/css\" data-type=\"vc_custom-css\">#vlthemes_el_69f371c1ab20f{margin:;padding:;}<\/style>[\/vc_column][\/vc_row][vc_row gap=&#8221;10&#8243; vl_row=&#8221;vl_f_w&#8221; btt_clip=&#8221;&#8221; css=&#8221;.vc_custom_1571155477654{margin-top: 10px !important;margin-bottom: 10px !important;}&#8221;][vc_column width=&#8221;1\/3&#8243;]<div class=\"vl-single-image vl-preload-blind\" id=\"vlthemes_el_69f371c1ab2aa\"><a class=\"lightbox-link\" href=\"https:\/\/dormikibris.com\/wp-content\/uploads\/2018\/03\/accomodation-north-cyprus-cheap-1920x1277.jpg\"><img src=\"https:\/\/dormikibris.com\/wp-content\/uploads\/2018\/03\/accomodation-north-cyprus-cheap-1920x1277.jpg\" alt=\"\u00d6\u011frenci Hosteli Kiral\u0131k Odalar\"><\/a><\/div><style type=\"text\/css\" data-type=\"vc_custom-css\">#vlthemes_el_69f371c1ab2aa{margin:;padding:;}<\/style>[\/vc_column][vc_column width=&#8221;1\/3&#8243;]<div class=\"vl-single-image vl-preload-blind\" id=\"vlthemes_el_69f371c1ab345\"><a class=\"lightbox-link\" href=\"https:\/\/dormikibris.com\/wp-content\/uploads\/2018\/03\/rent-studio-nicosia-cheap-1920x1277.jpg\"><img src=\"https:\/\/dormikibris.com\/wp-content\/uploads\/2018\/03\/rent-studio-nicosia-cheap-1920x1277.jpg\" alt=\"K\u0131br\u0131s\u2019ta ucuz \u00f6\u011frenci hostel\u2019i\"><\/a><\/div><style type=\"text\/css\" data-type=\"vc_custom-css\">#vlthemes_el_69f371c1ab345{margin:;padding:;}<\/style>[\/vc_column][vc_column width=&#8221;1\/3&#8243;]<div class=\"vl-single-image vl-preload-blind\" id=\"vlthemes_el_69f371c1ab403\"><a class=\"lightbox-link\" href=\"https:\/\/dormikibris.com\/wp-content\/uploads\/2018\/03\/nicosia-north-cyprus-hostel-1920x1278.jpg\"><img src=\"https:\/\/dormikibris.com\/wp-content\/uploads\/2018\/03\/nicosia-north-cyprus-hostel-1920x1278.jpg\" alt=\"Lefko\u015fa, Kuzey K\u0131br\u0131s\u2019ta Hostel\"><\/a><\/div><style type=\"text\/css\" data-type=\"vc_custom-css\">#vlthemes_el_69f371c1ab403{margin:;padding:;}<\/style>[\/vc_column][\/vc_row][vc_row gap=&#8221;10&#8243; vl_row=&#8221;vl_f_w&#8221; btt_clip=&#8221;&#8221; css=&#8221;.vc_custom_1571155477654{margin-top: 10px !important;margin-bottom: 10px !important;}&#8221;][vc_column width=&#8221;1\/3&#8243;]<div class=\"vl-single-image vl-preload-blind\" id=\"vlthemes_el_69f371c1ab501\"><a class=\"lightbox-link\" href=\"https:\/\/dormikibris.com\/wp-content\/uploads\/2018\/03\/hostel-room-student-northern-cyprus-1920x1277.jpg\"><img src=\"https:\/\/dormikibris.com\/wp-content\/uploads\/2018\/03\/hostel-room-student-northern-cyprus-1920x1277.jpg\" alt=\"K\u0131br\u0131s\u2019ta kiral\u0131k ucuz daire\"><\/a><\/div><style type=\"text\/css\" data-type=\"vc_custom-css\">#vlthemes_el_69f371c1ab501{margin:;padding:;}<\/style>[\/vc_column][vc_column width=&#8221;1\/3&#8243;]<div class=\"vl-single-image vl-preload-blind\" id=\"vlthemes_el_69f371c1ab5ff\"><a class=\"lightbox-link\" href=\"https:\/\/dormikibris.com\/wp-content\/uploads\/2018\/03\/cheap-cyprus-hostel-nicosia-1920x1277.jpg\"><img src=\"https:\/\/dormikibris.com\/wp-content\/uploads\/2018\/03\/cheap-cyprus-hostel-nicosia-1920x1277.jpg\" alt=\"Lefko\u015fa\u2019da kiral\u0131k st\u00fcdyo daire\"><\/a><\/div><style type=\"text\/css\" data-type=\"vc_custom-css\">#vlthemes_el_69f371c1ab5ff{margin:;padding:;}<\/style>[\/vc_column][vc_column width=&#8221;1\/3&#8243;]<div class=\"vl-single-image vl-preload-blind\" id=\"vlthemes_el_69f371c1ab6a9\"><a class=\"lightbox-link\" href=\"https:\/\/dormikibris.com\/wp-content\/uploads\/2018\/03\/cyprus-student-cheap-hostel-1920x1277.jpg\"><img src=\"https:\/\/dormikibris.com\/wp-content\/uploads\/2018\/03\/cyprus-student-cheap-hostel-1920x1277.jpg\" alt=\"Kuzey K\u0131br\u0131s'ta \u00f6\u011frenciler i\u00e7in hostel odas\u0131\"><\/a><\/div><style type=\"text\/css\" data-type=\"vc_custom-css\">#vlthemes_el_69f371c1ab6a9{margin:;padding:;}<\/style>[\/vc_column][\/vc_row][vc_row gap=&#8221;10&#8243; vl_row=&#8221;vl_f_w&#8221; btt_clip=&#8221;&#8221; css=&#8221;.vc_custom_1571155477654{margin-top: 10px !important;margin-bottom: 10px !important;}&#8221;][vc_column width=&#8221;1\/3&#8243;]<div class=\"vl-single-image vl-preload-blind\" id=\"vlthemes_el_69f371c1ab743\"><a class=\"lightbox-link\" href=\"https:\/\/dormikibris.com\/wp-content\/uploads\/2018\/03\/rent-student-room-cyprus-1920x1277.jpg\"><img src=\"https:\/\/dormikibris.com\/wp-content\/uploads\/2018\/03\/rent-student-room-cyprus-1920x1277.jpg\" alt=\"K\u0131br\u0131s\u2019ta kiral\u0131k odalar\"><\/a><\/div><style type=\"text\/css\" data-type=\"vc_custom-css\">#vlthemes_el_69f371c1ab743{margin:;padding:;}<\/style>[\/vc_column][vc_column width=&#8221;1\/3&#8243;]<div class=\"vl-single-image vl-preload-blind\" id=\"vlthemes_el_69f371c1ab820\"><a class=\"lightbox-link\" href=\"https:\/\/dormikibris.com\/wp-content\/uploads\/2018\/03\/apartment-north-cyprus-rent-1920x1278.jpg\"><img src=\"https:\/\/dormikibris.com\/wp-content\/uploads\/2018\/03\/apartment-north-cyprus-rent-1920x1278.jpg\" alt=\"Kuzey K\u0131br\u0131s\u2019ta kiral\u0131k ucuz daire\"><\/a><\/div><style type=\"text\/css\" data-type=\"vc_custom-css\">#vlthemes_el_69f371c1ab820{margin:;padding:;}<\/style>[\/vc_column][vc_column width=&#8221;1\/3&#8243;]<div class=\"vl-single-image vl-preload-blind\" id=\"vlthemes_el_69f371c1ab8d9\"><a class=\"lightbox-link\" href=\"https:\/\/dormikibris.com\/wp-content\/uploads\/2018\/03\/northern-cyprus-room-student-1920x1277.jpg\"><img src=\"https:\/\/dormikibris.com\/wp-content\/uploads\/2018\/03\/northern-cyprus-room-student-1920x1277.jpg\" alt=\"Kuzey K\u0131br\u0131s\u2019ta \u00f6\u011frenci i\u00e7in kiral\u0131k odalar\"><\/a><\/div><style type=\"text\/css\" data-type=\"vc_custom-css\">#vlthemes_el_69f371c1ab8d9{margin:;padding:;}<\/style>[\/vc_column][\/vc_row][vc_row gap=&#8221;10&#8243; vl_row=&#8221;vl_f_w&#8221; btt_clip=&#8221;&#8221; css=&#8221;.vc_custom_1571155477654{margin-top: 10px !important;margin-bottom: 10px !important;}&#8221;][vc_column width=&#8221;1\/3&#8243;]<div class=\"vl-single-image vl-preload-blind\" id=\"vlthemes_el_69f371c1ab978\"><a class=\"lightbox-link\" href=\"https:\/\/dormikibris.com\/wp-content\/uploads\/2018\/03\/room-rent-northern-cyprus-1920x1278.jpg\"><img src=\"https:\/\/dormikibris.com\/wp-content\/uploads\/2018\/03\/room-rent-northern-cyprus-1920x1278.jpg\" alt=\"Kuzey K\u0131br\u0131s\u2019ta kiral\u0131k st\u00fcdyo daire\"><\/a><\/div><style type=\"text\/css\" data-type=\"vc_custom-css\">#vlthemes_el_69f371c1ab978{margin:;padding:;}<\/style>[\/vc_column][vc_column width=&#8221;1\/3&#8243;]<div class=\"vl-single-image vl-preload-blind\" id=\"vlthemes_el_69f371c1aba64\"><a class=\"lightbox-link\" href=\"https:\/\/dormikibris.com\/wp-content\/uploads\/2018\/03\/cyprus-flat-rent-nicosia-north-1920x1277.jpg\"><img src=\"https:\/\/dormikibris.com\/wp-content\/uploads\/2018\/03\/cyprus-flat-rent-nicosia-north-1920x1277.jpg\" alt=\"Lefko\u015fa Kuzey K\u0131br\u0131s\u2019ta kiral\u0131k daire\"><\/a><\/div><style type=\"text\/css\" data-type=\"vc_custom-css\">#vlthemes_el_69f371c1aba64{margin:;padding:;}<\/style>[\/vc_column][vc_column width=&#8221;1\/3&#8243;]<div class=\"vl-single-image vl-preload-blind\" id=\"vlthemes_el_69f371c1abb1c\"><a class=\"lightbox-link\" href=\"https:\/\/dormikibris.com\/wp-content\/uploads\/2018\/03\/room-rent-north-nicosia-cyprus-1920x1277.jpg\"><img src=\"https:\/\/dormikibris.com\/wp-content\/uploads\/2018\/03\/room-rent-north-nicosia-cyprus-1920x1277.jpg\" alt=\"Lefko\u015fa, K\u0131br\u0131s'ta Kiral\u0131k \u00d6\u011frenci Hosteli\"><\/a><\/div><style type=\"text\/css\" data-type=\"vc_custom-css\">#vlthemes_el_69f371c1abb1c{margin:;padding:;}<\/style>[\/vc_column][\/vc_row][vc_row gap=&#8221;10&#8243; vl_row=&#8221;vl_f_w&#8221; btt_clip=&#8221;&#8221; css=&#8221;.vc_custom_1571155477654{margin-top: 10px !important;margin-bottom: 10px !important;}&#8221;][vc_column width=&#8221;1\/3&#8243;]<div class=\"vl-single-image vl-preload-blind\" id=\"vlthemes_el_69f371c1abc08\"><a class=\"lightbox-link\" href=\"https:\/\/dormikibris.com\/wp-content\/uploads\/2018\/03\/cyprus-hostel-northern-nicosia-1920x1277.jpg\"><img src=\"https:\/\/dormikibris.com\/wp-content\/uploads\/2018\/03\/cyprus-hostel-northern-nicosia-1920x1277.jpg\" alt=\"Kuzey K\u0131br\u0131s\u2019ta Yurt\"><\/a><\/div><style type=\"text\/css\" data-type=\"vc_custom-css\">#vlthemes_el_69f371c1abc08{margin:;padding:;}<\/style>[\/vc_column][vc_column width=&#8221;1\/3&#8243;]<div class=\"vl-single-image vl-preload-blind\" id=\"vlthemes_el_69f371c1abd06\"><a class=\"lightbox-link\" href=\"https:\/\/dormikibris.com\/wp-content\/uploads\/2018\/03\/student-studio-rent-cheap-nicosia-1920x1278.jpg\"><img src=\"https:\/\/dormikibris.com\/wp-content\/uploads\/2018\/03\/student-studio-rent-cheap-nicosia-1920x1278.jpg\" alt=\"KKTC\u2019de kiral\u0131k ucuz daire\"><\/a><\/div><style type=\"text\/css\" data-type=\"vc_custom-css\">#vlthemes_el_69f371c1abd06{margin:;padding:;}<\/style>[\/vc_column][vc_column width=&#8221;1\/3&#8243;]<div class=\"vl-single-image vl-preload-blind\" id=\"vlthemes_el_69f371c1abdff\"><a class=\"lightbox-link\" href=\"https:\/\/dormikibris.com\/wp-content\/uploads\/2018\/03\/near-east-university-hostel-cyprus-1920x1278.jpg\"><img src=\"https:\/\/dormikibris.com\/wp-content\/uploads\/2018\/03\/near-east-university-hostel-cyprus-1920x1278.jpg\" alt=\"K\u0131br\u0131s\u2019ta Yak\u0131n Do\u011fu \u00dcniversitesi\u2019nde Hostel\"><\/a><\/div><style type=\"text\/css\" data-type=\"vc_custom-css\">#vlthemes_el_69f371c1abdff{margin:;padding:;}<\/style>[\/vc_column][\/vc_row][vc_row equal_height=&#8221;yes&#8221; content_placement=&#8221;middle&#8221; vl_row=&#8221;vl_f_w&#8221; btt_clip=&#8221;&#8221; css=&#8221;.vc_custom_1516571358134{margin-top: 100px !important;padding-top: 40px !important;}&#8221; el_class=&#8221;align-center&#8221;][vc_column][vc_widget_sidebar sidebar_id=&#8221;footer_sidebar_1&#8243;][\/vc_column][\/vc_row][vc_row full_width=&#8221;stretch_row_content_no_spaces&#8221; equal_height=&#8221;yes&#8221; content_placement=&#8221;bottom&#8221; css_animation=&#8221;fadeInUp&#8221; vl_row=&#8221;vl_f_w&#8221; btt_clip=&#8221;&#8221;][vc_column]<div class=\"vl-single-image\" id=\"vlthemes_el_69f371c1abeb9\"><img src=\"https:\/\/dormikibris.com\/wp-content\/uploads\/2018\/01\/hostel-north-cyprus-nicosia-neu.jpg\" alt=\"\u00d6zellikli Yak\u0131n Do\u011fu \u00dcniversitesi Yurdu\"><\/div><style type=\"text\/css\" data-type=\"vc_custom-css\">#vlthemes_el_69f371c1abeb9{margin:;padding:;}<\/style>[\/vc_column][\/vc_row]<\/p>\n","protected":false,"raw":"<p>[vc_row vl_row=\"vl_f_w\" btt_clip=\"\" vl_c_i=\"true\" css=\".vc_custom_1511875437036{padding-bottom: 70px !important;}\"][vc_column][vc_hero_header title=\"Photo Gallery\" subtitle=\"DORM\u0130 PHOTOS\" extra_class=\"\"][\/vc_column][\/vc_row][vc_row gap=\"10\" vl_row=\"vl_f_w\" btt_clip=\"\" css=\".vc_custom_1571155477654{margin-top: 10px !important;margin-bottom: 10px !important;}\"][vc_column width=\"1\/3\"][vc_single_image image=\"5426\" extra_class=\"\"][\/vc_column][vc_column width=\"1\/3\"][vc_single_image image=\"5425\" extra_class=\"\"][\/vc_column][vc_column width=\"1\/3\"][vc_single_image image=\"5444\" extra_class=\"\"][\/vc_column][\/vc_row][vc_row gap=\"10\" vl_row=\"vl_f_w\" btt_clip=\"\" css=\".vc_custom_1571155477654{margin-top: 10px !important;margin-bottom: 10px !important;}\"][vc_column width=\"1\/3\"][vc_single_image image=\"5447\" extra_class=\"\"][\/vc_column][vc_column width=\"1\/3\"][vc_single_image image=\"5459\" extra_class=\"\"][\/vc_column][vc_column width=\"1\/3\"][vc_single_image image=\"5462\" extra_class=\"\"][\/vc_column][\/vc_row][vc_row gap=\"10\" vl_row=\"vl_f_w\" btt_clip=\"\" css=\".vc_custom_1571155477654{margin-top: 10px !important;margin-bottom: 10px !important;}\"][vc_column width=\"1\/3\"][vc_single_image image=\"5453\" extra_class=\"\"][\/vc_column][vc_column width=\"1\/3\"][vc_single_image image=\"5442\" extra_class=\"\"][\/vc_column][vc_column width=\"1\/3\"][vc_single_image image=\"5456\" extra_class=\"\"][\/vc_column][\/vc_row][vc_row gap=\"10\" vl_row=\"vl_f_w\" btt_clip=\"\" css=\".vc_custom_1571155477654{margin-top: 10px !important;margin-bottom: 10px !important;}\"][vc_column width=\"1\/3\"][vc_single_image image=\"5472\" extra_class=\"\"][\/vc_column][vc_column width=\"1\/3\"][vc_single_image image=\"5436\" extra_class=\"\"][\/vc_column][vc_column width=\"1\/3\"][vc_single_image image=\"5468\" extra_class=\"\"][\/vc_column][\/vc_row][vc_row gap=\"10\" vl_row=\"vl_f_w\" btt_clip=\"\" css=\".vc_custom_1571155477654{margin-top: 10px !important;margin-bottom: 10px !important;}\"][vc_column width=\"1\/3\"][vc_single_image image=\"5424\" extra_class=\"\"][\/vc_column][vc_column width=\"1\/3\"][vc_single_image image=\"5465\" extra_class=\"\"][\/vc_column][vc_column width=\"1\/3\"][vc_single_image image=\"5423\" extra_class=\"\"][\/vc_column][\/vc_row][vc_row gap=\"10\" vl_row=\"vl_f_w\" btt_clip=\"\" css=\".vc_custom_1571155477654{margin-top: 10px !important;margin-bottom: 10px !important;}\"][vc_column width=\"1\/3\"][vc_single_image image=\"5481\" extra_class=\"\"][\/vc_column][vc_column width=\"1\/3\"][vc_single_image image=\"5450\" extra_class=\"\"][\/vc_column][vc_column width=\"1\/3\"][vc_single_image image=\"5478\" extra_class=\"\"][\/vc_column][\/vc_row][vc_row equal_height=\"yes\" content_placement=\"middle\" vl_row=\"vl_f_w\" btt_clip=\"\" css=\".vc_custom_1516571358134{margin-top: 100px !important;padding-top: 40px !important;}\" el_class=\"align-center\"][vc_column][vc_widget_sidebar sidebar_id=\"footer_sidebar_1\"][\/vc_column][\/vc_row][vc_row full_width=\"stretch_row_content_no_spaces\" equal_height=\"yes\" content_placement=\"bottom\" css_animation=\"fadeInUp\" vl_row=\"vl_f_w\" btt_clip=\"\"][vc_column][vc_single_image lightbox=\"false\" blind=\"false\" image=\"4741\" extra_class=\"\"][\/vc_column][\/vc_row]<\/p>\r\n"},"excerpt":{"rendered":"[vc_row vl_row=\"vl_f_w\" btt_clip=\"\" vl_c_i=\"true\" css=\".vc_custom_1511875437036{padding-bottom: 70px !important;}\"][vc_column]Foto\u011fraf GalerisiFoto\u011fraf GalerisiDORMI FOTO\u011eRAFLARI#vlthemes_el_69f371c1ac0a6 {margin:;padding:;}[\/vc_column][\/vc_row][vc_row gap=\"10\" vl_row=\"vl_f_w\" btt_clip=\"\" css=\".vc_custom_1571155477654{margin-top: 10px !important;margin-bottom: 10px !important;}\"][vc_column width=\"1\/3\"]#vlthemes_el_69f371c1ac0c1{margin:;padding:;}[\/vc_column][vc_column width=\"1\/3\"]#vlthemes_el_69f371c1ac203{margin:;padding:;}[\/vc_column][vc_column width=\"1\/3\"]#vlthemes_el_69f371c1ac31f{margin:;padding:;}[\/vc_column][\/vc_row][vc_row gap=\"10\" vl_row=\"vl_f_w\" btt_clip=\"\" css=\".vc_custom_1571155477654{margin-top: 10px !important;margin-bottom: 10px !important;}\"][vc_column width=\"1\/3\"]#vlthemes_el_69f371c1ac432{margin:;padding:;}[\/vc_column][vc_column width=\"1\/3\"]#vlthemes_el_69f371c1ac54b{margin:;padding:;}[\/vc_column][vc_column width=\"1\/3\"]#vlthemes_el_69f371c1ac667{margin:;padding:;}[\/vc_column][\/vc_row][vc_row gap=\"10\" vl_row=\"vl_f_w\" btt_clip=\"\" css=\".vc_custom_1571155477654{margin-top: 10px !important;margin-bottom: 10px !important;}\"][vc_column width=\"1\/3\"]#vlthemes_el_69f371c1ac780{margin:;padding:;}[\/vc_column][vc_column width=\"1\/3\"]#vlthemes_el_69f371c1ac8a6{margin:;padding:;}[\/vc_column][vc_column width=\"1\/3\"]#vlthemes_el_69f371c1ac9b9{margin:;padding:;}[\/vc_column][\/vc_row][vc_row gap=\"10\" vl_row=\"vl_f_w\" btt_clip=\"\" css=\".vc_custom_1571155477654{margin-top: 10px !important;margin-bottom: 10px !important;}\"][vc_column width=\"1\/3\"]#vlthemes_el_69f371c1acad6{margin:;padding:;}[\/vc_column][vc_column width=\"1\/3\"]#vlthemes_el_69f371c1acc02{margin:;padding:;}[\/vc_column][vc_column width=\"1\/3\"]#vlthemes_el_69f371c1acd2a{margin:;padding:;}[\/vc_column][\/vc_row][vc_row [...]","protected":false,"raw":""},"author":2,"featured_media":0,"parent":0,"menu_order":0,"comment_status":"closed","ping_status":"closed","template":"template-custom-page.php","meta":{"_tr_post_content":"<p>[vc_row vl_row=\"vl_f_w\" btt_clip=\"\" vl_c_i=\"true\" css=\".vc_custom_1511875437036{padding-bottom: 70px !important;}\"][vc_column][vc_hero_header title=\"Foto\u011fraf Galerisi\" subtitle=\"DORMI FOTO\u011eRAFLARI\" extra_class=\"\"][\/vc_column][\/vc_row][vc_row gap=\"10\" vl_row=\"vl_f_w\" btt_clip=\"\" css=\".vc_custom_1571155477654{margin-top: 10px !important;margin-bottom: 10px !important;}\"][vc_column width=\"1\/3\"][vc_single_image image=\"5426\" extra_class=\"\"][\/vc_column][vc_column width=\"1\/3\"][vc_single_image image=\"5425\" extra_class=\"\"][\/vc_column][vc_column width=\"1\/3\"][vc_single_image image=\"5444\" extra_class=\"\"][\/vc_column][\/vc_row][vc_row gap=\"10\" vl_row=\"vl_f_w\" btt_clip=\"\" css=\".vc_custom_1571155477654{margin-top: 10px !important;margin-bottom: 10px !important;}\"][vc_column width=\"1\/3\"][vc_single_image image=\"5447\" extra_class=\"\"][\/vc_column][vc_column width=\"1\/3\"][vc_single_image image=\"5459\" extra_class=\"\"][\/vc_column][vc_column width=\"1\/3\"][vc_single_image image=\"5462\" extra_class=\"\"][\/vc_column][\/vc_row][vc_row gap=\"10\" vl_row=\"vl_f_w\" btt_clip=\"\" css=\".vc_custom_1571155477654{margin-top: 10px !important;margin-bottom: 10px !important;}\"][vc_column width=\"1\/3\"][vc_single_image image=\"5453\" extra_class=\"\"][\/vc_column][vc_column width=\"1\/3\"][vc_single_image image=\"5442\" extra_class=\"\"][\/vc_column][vc_column width=\"1\/3\"][vc_single_image image=\"5456\" extra_class=\"\"][\/vc_column][\/vc_row][vc_row gap=\"10\" vl_row=\"vl_f_w\" btt_clip=\"\" css=\".vc_custom_1571155477654{margin-top: 10px !important;margin-bottom: 10px !important;}\"][vc_column width=\"1\/3\"][vc_single_image image=\"5472\" extra_class=\"\"][\/vc_column][vc_column width=\"1\/3\"][vc_single_image image=\"5436\" extra_class=\"\"][\/vc_column][vc_column width=\"1\/3\"][vc_single_image image=\"5468\" extra_class=\"\"][\/vc_column][\/vc_row][vc_row gap=\"10\" vl_row=\"vl_f_w\" btt_clip=\"\" css=\".vc_custom_1571155477654{margin-top: 10px !important;margin-bottom: 10px !important;}\"][vc_column width=\"1\/3\"][vc_single_image image=\"5424\" extra_class=\"\"][\/vc_column][vc_column width=\"1\/3\"][vc_single_image image=\"5465\" extra_class=\"\"][\/vc_column][vc_column width=\"1\/3\"][vc_single_image image=\"5423\" extra_class=\"\"][\/vc_column][\/vc_row][vc_row gap=\"10\" vl_row=\"vl_f_w\" btt_clip=\"\" css=\".vc_custom_1571155477654{margin-top: 10px !important;margin-bottom: 10px !important;}\"][vc_column width=\"1\/3\"][vc_single_image image=\"5481\" extra_class=\"\"][\/vc_column][vc_column width=\"1\/3\"][vc_single_image image=\"5450\" extra_class=\"\"][\/vc_column][vc_column width=\"1\/3\"][vc_single_image image=\"5478\" extra_class=\"\"][\/vc_column][\/vc_row][vc_row equal_height=\"yes\" content_placement=\"middle\" vl_row=\"vl_f_w\" btt_clip=\"\" css=\".vc_custom_1516571358134{margin-top: 100px !important;padding-top: 40px !important;}\" el_class=\"align-center\"][vc_column][vc_widget_sidebar sidebar_id=\"footer_sidebar_1\"][\/vc_column][\/vc_row][vc_row full_width=\"stretch_row_content_no_spaces\" equal_height=\"yes\" content_placement=\"bottom\" css_animation=\"fadeInUp\" vl_row=\"vl_f_w\" btt_clip=\"\"][vc_column][vc_single_image lightbox=\"false\" blind=\"false\" image=\"4741\" extra_class=\"\"][\/vc_column][\/vc_row]<\/p>\r\n","_tr_post_name":"fotograf-galerisi","_tr_post_excerpt":"","_tr_post_title":"Foto\u011fraf Galerisi","_en_post_content":"<p>[vc_row vl_row=\"vl_f_w\" btt_clip=\"\" vl_c_i=\"true\" css=\".vc_custom_1511875437036{padding-bottom: 70px !important;}\"][vc_column][vc_hero_header title=\"Photo Gallery\" subtitle=\"DORM\u0130 PHOTOS\" extra_class=\"\"][\/vc_column][\/vc_row][vc_row gap=\"10\" vl_row=\"vl_f_w\" btt_clip=\"\" css=\".vc_custom_1571155477654{margin-top: 10px !important;margin-bottom: 10px !important;}\"][vc_column width=\"1\/3\"][vc_single_image image=\"5426\" extra_class=\"\"][\/vc_column][vc_column width=\"1\/3\"][vc_single_image image=\"5425\" extra_class=\"\"][\/vc_column][vc_column width=\"1\/3\"][vc_single_image image=\"5444\" extra_class=\"\"][\/vc_column][\/vc_row][vc_row gap=\"10\" vl_row=\"vl_f_w\" btt_clip=\"\" css=\".vc_custom_1571155477654{margin-top: 10px !important;margin-bottom: 10px !important;}\"][vc_column width=\"1\/3\"][vc_single_image image=\"5447\" extra_class=\"\"][\/vc_column][vc_column width=\"1\/3\"][vc_single_image image=\"5459\" extra_class=\"\"][\/vc_column][vc_column width=\"1\/3\"][vc_single_image image=\"5462\" extra_class=\"\"][\/vc_column][\/vc_row][vc_row gap=\"10\" vl_row=\"vl_f_w\" btt_clip=\"\" css=\".vc_custom_1571155477654{margin-top: 10px !important;margin-bottom: 10px !important;}\"][vc_column width=\"1\/3\"][vc_single_image image=\"5453\" extra_class=\"\"][\/vc_column][vc_column width=\"1\/3\"][vc_single_image image=\"5442\" extra_class=\"\"][\/vc_column][vc_column width=\"1\/3\"][vc_single_image image=\"5456\" extra_class=\"\"][\/vc_column][\/vc_row][vc_row gap=\"10\" vl_row=\"vl_f_w\" btt_clip=\"\" css=\".vc_custom_1571155477654{margin-top: 10px !important;margin-bottom: 10px !important;}\"][vc_column width=\"1\/3\"][vc_single_image image=\"5472\" extra_class=\"\"][\/vc_column][vc_column width=\"1\/3\"][vc_single_image image=\"5436\" extra_class=\"\"][\/vc_column][vc_column width=\"1\/3\"][vc_single_image image=\"5468\" extra_class=\"\"][\/vc_column][\/vc_row][vc_row gap=\"10\" vl_row=\"vl_f_w\" btt_clip=\"\" css=\".vc_custom_1571155477654{margin-top: 10px !important;margin-bottom: 10px !important;}\"][vc_column width=\"1\/3\"][vc_single_image image=\"5424\" extra_class=\"\"][\/vc_column][vc_column width=\"1\/3\"][vc_single_image image=\"5465\" extra_class=\"\"][\/vc_column][vc_column width=\"1\/3\"][vc_single_image image=\"5423\" extra_class=\"\"][\/vc_column][\/vc_row][vc_row gap=\"10\" vl_row=\"vl_f_w\" btt_clip=\"\" css=\".vc_custom_1571155477654{margin-top: 10px !important;margin-bottom: 10px !important;}\"][vc_column width=\"1\/3\"][vc_single_image image=\"5481\" extra_class=\"\"][\/vc_column][vc_column width=\"1\/3\"][vc_single_image image=\"5450\" extra_class=\"\"][\/vc_column][vc_column width=\"1\/3\"][vc_single_image image=\"5478\" extra_class=\"\"][\/vc_column][\/vc_row][vc_row equal_height=\"yes\" content_placement=\"middle\" vl_row=\"vl_f_w\" btt_clip=\"\" css=\".vc_custom_1516571358134{margin-top: 100px !important;padding-top: 40px !important;}\" el_class=\"align-center\"][vc_column][vc_widget_sidebar sidebar_id=\"footer_sidebar_1\"][\/vc_column][\/vc_row][vc_row full_width=\"stretch_row_content_no_spaces\" equal_height=\"yes\" content_placement=\"bottom\" css_animation=\"fadeInUp\" vl_row=\"vl_f_w\" btt_clip=\"\"][vc_column][vc_single_image lightbox=\"false\" blind=\"false\" image=\"4741\" extra_class=\"\"][\/vc_column][\/vc_row]<\/p>\r\n","_en_post_name":"fotograf-galerisi","_en_post_excerpt":"","_en_post_title":"Photos","edit_language":"en"},"_links":{"self":[{"href":"https:\/\/dormikibris.com\/wp-json\/wp\/v2\/pages\/3413"}],"collection":[{"href":"https:\/\/dormikibris.com\/wp-json\/wp\/v2\/pages"}],"about":[{"href":"https:\/\/dormikibris.com\/wp-json\/wp\/v2\/types\/page"}],"author":[{"embeddable":true,"href":"https:\/\/dormikibris.com\/wp-json\/wp\/v2\/users\/2"}],"replies":[{"embeddable":true,"href":"https:\/\/dormikibris.com\/wp-json\/wp\/v2\/comments?post=3413"}],"version-history":[{"count":0,"href":"https:\/\/dormikibris.com\/wp-json\/wp\/v2\/pages\/3413\/revisions"}],"wp:attachment":[{"href":"https:\/\/dormikibris.com\/wp-json\/wp\/v2\/media?parent=3413"}],"curies":[{"name":"wp","href":"https:\/\/api.w.org\/{rel}","templated":true}]}}