{"id":3412,"date":"2017-11-04T01:25:49","date_gmt":"2017-11-03T22:25:49","guid":{"rendered":"https:\/\/dormikibris.com\/fees\/"},"modified":"2025-07-23T10:06:56","modified_gmt":"2025-07-23T07:06:56","slug":"fiyatlar","status":"publish","type":"page","link":"https:\/\/dormikibris.com\/fiyatlar\/","title":{"rendered":"Prices","raw":"Prices"},"content":{"rendered":"<p>[vc_row vl_row=&#8221;vl_f_w&#8221; btt_clip=&#8221;&#8221; vl_c_i=&#8221;true&#8221; css=&#8221;.vc_custom_1511875437036{padding-bottom: 70px !important;}&#8221;][vc_column]<div class=\"vl-hero-title-holder\" id=\"vlthemes_el_69f36edb717b1\"><div class=\"vl-hero-phantom-text h1\" data-jarallax-element=\"-100\">Prices<\/div><div class=\"vl-hero-title-content\"><h1 class=\"vl-hero-title vl-primary-color\">Prices<\/h1><p class=\"vl-hero-subtitle\">2025-2026 academic year<\/p><\/div><\/div><style type=\"text\/css\" data-type=\"vc_custom-css\">#vlthemes_el_69f36edb717b1 {margin:;padding:;}<\/style>[\/vc_column][\/vc_row][vc_row btt_clip=&#8221;&#8221;][vc_column width=&#8221;1\/2&#8243;]<div class=\"vl-pricing-table\" id=\"vlthemes_el_69f36edb717d1\"><div class=\"vl-price-header\"><h5 class=\"vl-price-name\">STANDARD ROOM<\/h5><div class=\"vl-price-price\">240.000 TL \/ academic year<\/div><\/div><div class=\"vl-price-features\" id=\"vlthemes_el_69f36edb71803\">1 person<br \/>\n21-25 m2<br \/>\nen-suite shower &amp; toilet<br \/>\nkitchen<br \/>\nAcademic Year: 1 September, 2025 - 30 June, 2026<\/div><div class=\"vl-price-footer\"><a href=\"#form\" target =\"_self\" class=\"vl-btn vl-btn-primary\"><span>Enquire now<\/span><\/a><\/div><\/div><style type=\"text\/css\" data-type=\"vc_custom-css\">#vlthemes_el_69f36edb717d1{margin:;padding:;}<\/style>[\/vc_column][vc_column width=&#8221;1\/2&#8243;]<div class=\"vl-pricing-table\" id=\"vlthemes_el_69f36edb7181f\"><div class=\"vl-price-header\"><h5 class=\"vl-price-name\">SUPERIOR ROOM<\/h5><div class=\"vl-price-price\">270.000 TL \/ academic year<\/div><\/div><div class=\"vl-price-features\" id=\"vlthemes_el_69f36edb71840\">1 person<br \/>\n26-30 m2<br \/>\nen-suite shower &amp; toilet<br \/>\nkitchen<br \/>\nAcademic Year: 1 September, 2025 - 30 June, 2026<\/div><div class=\"vl-price-footer\"><a href=\"#form\" target =\"_self\" class=\"vl-btn vl-btn-primary\"><span>Enquire now<\/span><\/a><\/div><\/div><style type=\"text\/css\" data-type=\"vc_custom-css\">#vlthemes_el_69f36edb7181f{margin:;padding:;}<\/style>[\/vc_column][\/vc_row][vc_row btt_clip=&#8221;&#8221;][vc_column width=&#8221;1\/2&#8243;]<div class=\"vl-pricing-table\" id=\"vlthemes_el_69f36edb71856\"><div class=\"vl-price-header\"><h5 class=\"vl-price-name\">ULTRA ROOM<\/h5><div class=\"vl-price-price\">300.000 TL \/ academic year<\/div><\/div><div class=\"vl-price-features\" id=\"vlthemes_el_69f36edb71874\">1 person<br \/>\n30-35 m2<br \/>\nen-suite shower &amp; toilet<br \/>\nkitchen<br \/>\nAcademic Year: 1 September, 2025 - 30 June, 2026<\/div><div class=\"vl-price-footer\"><a href=\"#form\" target =\"_self\" class=\"vl-btn vl-btn-primary\"><span>Enquire now<\/span><\/a><\/div><\/div><style type=\"text\/css\" data-type=\"vc_custom-css\">#vlthemes_el_69f36edb71856{margin:;padding:;}<\/style>[\/vc_column][vc_column width=&#8221;1\/2&#8243;]<div class=\"vl-pricing-table\" id=\"vlthemes_el_69f36edb71889\"><div class=\"vl-price-header\"><h5 class=\"vl-price-name\">JUNIOR SUITE<\/h5><div class=\"vl-price-price\">315.000 TL \/ academic year<\/div><\/div><div class=\"vl-price-features\" id=\"vlthemes_el_69f36edb718aa\">1 person<br \/>\n35 m2<br \/>\nen-suite shower &amp; toilet<br \/>\nkitchen<br \/>\nAcademic Year: 1 September, 2025 - 30 June, 2026<\/div><div class=\"vl-price-footer\"><a href=\"#form\" target =\"_self\" class=\"vl-btn vl-btn-primary\"><span>Enquire now<\/span><\/a><\/div><\/div><style type=\"text\/css\" data-type=\"vc_custom-css\">#vlthemes_el_69f36edb71889{margin:;padding:;}<\/style>[\/vc_column][\/vc_row][vc_row btt_clip=&#8221;&#8221;][vc_column width=&#8221;1\/2&#8243;]<div class=\"vl-pricing-table\" id=\"vlthemes_el_69f36edb718bf\"><div class=\"vl-price-header\"><h5 class=\"vl-price-name\">CORNER SUITE<\/h5><div class=\"vl-price-price\">390.000 TL \/ academic year<\/div><\/div><div class=\"vl-price-features\" id=\"vlthemes_el_69f36edb718dd\">2 person<br \/>\n45 m2<br \/>\nen-suite shower &amp; toilet<br \/>\nkitchen<br \/>\nAcademic Year: 1 September, 2025 - 30 June, 2026<\/div><div class=\"vl-price-footer\"><a href=\"#form\" target =\"_self\" class=\"vl-btn vl-btn-primary\"><span>Enquire now<\/span><\/a><\/div><\/div><style type=\"text\/css\" data-type=\"vc_custom-css\">#vlthemes_el_69f36edb718bf{margin:;padding:;}<\/style>[\/vc_column][vc_column width=&#8221;1\/2&#8243;][\/vc_column][\/vc_row][vc_row btt_clip=&#8221;&#8221; css=&#8221;.vc_custom_1535296657344{margin-top: 20px !important;padding-top: 20px !important;padding-bottom: 20px !important;}&#8221; el_id=&#8221;form&#8221;][vc_column][vc_empty_space height=&#8221;72px&#8221;][vc_custom_heading text=&#8221;Enquiry Form&#8221; font_container=&#8221;tag:h1|text_align:left|color:%23009999&#8243; use_theme_fonts=&#8221;yes&#8221;][\/vc_column][\/vc_row][vc_row btt_clip=&#8221;&#8221;][vc_column]<div role=\"form\" class=\"wpcf7\" id=\"wpcf7-f6555-o2\" lang=\"en-US\" dir=\"ltr\">\n<div class=\"screen-reader-response\" aria-live=\"polite\"><\/div>\n<form action=\"\/en\/wp-json\/wp\/v2\/pages\/3412#wpcf7-f6555-o2\" method=\"post\" class=\"wpcf7-form\" novalidate=\"novalidate\">\n<div style=\"display: none;\">\n<input type=\"hidden\" name=\"_wpcf7\" value=\"6555\" \/>\n<input type=\"hidden\" name=\"_wpcf7_version\" value=\"5.1.9\" \/>\n<input type=\"hidden\" name=\"_wpcf7_locale\" value=\"en_US\" \/>\n<input type=\"hidden\" name=\"_wpcf7_unit_tag\" value=\"wpcf7-f6555-o2\" \/>\n<input type=\"hidden\" name=\"_wpcf7_container_post\" value=\"0\" \/>\n<input type=\"hidden\" name=\"g-recaptcha-response\" value=\"\" \/>\n<\/div>\n<div class=\"row\">\n<div class=\"col-md-6\">\n<div class=\"vl-form-group\">\n<label>Name<\/label><br \/>\n  <span class=\"wpcf7-form-control-wrap your-name\"><input type=\"text\" name=\"your-name\" value=\"\" size=\"40\" class=\"wpcf7-form-control wpcf7-text wpcf7-validates-as-required\" aria-required=\"true\" aria-invalid=\"false\" \/><\/span>\n<\/div><\/div>\n<div class=\"col-md-6\">\n<div class=\"vl-form-group\">\n<label>E-mail<\/label><br \/>\n  <span class=\"wpcf7-form-control-wrap your-email\"><input type=\"email\" name=\"your-email\" value=\"\" size=\"40\" class=\"wpcf7-form-control wpcf7-text wpcf7-email wpcf7-validates-as-required wpcf7-validates-as-email\" aria-required=\"true\" aria-invalid=\"false\" \/><\/span>\n<\/div><\/div>\n<\/div>\n<div class=\"vl-form-group\">\n<label>Message<\/label><br \/>\n<span class=\"wpcf7-form-control-wrap your-message\"><textarea name=\"your-message\" cols=\"40\" rows=\"5\" class=\"wpcf7-form-control wpcf7-textarea wpcf7-validates-as-required\" aria-required=\"true\" aria-invalid=\"false\"><\/textarea><\/span>\n<\/div>\n<p><button class=\"wpcf7-form-control wpcf7-submit vl-btn vl-btn-primary\">Send<\/button><\/p>\n<div class=\"wpcf7-response-output wpcf7-display-none\" aria-hidden=\"true\"><\/div><\/form><\/div>[\/vc_column][\/vc_row][vc_row equal_height=&#8221;yes&#8221; content_placement=&#8221;middle&#8221; vl_row=&#8221;vl_f_w&#8221; btt_clip=&#8221;&#8221; css=&#8221;.vc_custom_1516569700176{margin-top: 100px !important;padding-top: 40px !important;}&#8221; el_class=&#8221;align-center&#8221;][vc_column][vc_widget_sidebar sidebar_id=&#8221;footer_sidebar_1&#8243;][\/vc_column][\/vc_row][vc_row full_width=&#8221;stretch_row_content_no_spaces&#8221; equal_height=&#8221;yes&#8221; content_placement=&#8221;bottom&#8221; css_animation=&#8221;fadeInUp&#8221; vl_row=&#8221;vl_f_w&#8221; btt_clip=&#8221;&#8221;][vc_column]<div class=\"vl-single-image\" id=\"vlthemes_el_69f36edb7232d\"><img src=\"https:\/\/dormikibris.com\/wp-content\/uploads\/2018\/02\/cyprus-hostel-nicosia-northern.jpg\" alt=\"Kuzey K\u0131br\u0131s\u2019ta Oda Kirala\"><\/div><style type=\"text\/css\" data-type=\"vc_custom-css\">#vlthemes_el_69f36edb7232d{margin:;padding:;}<\/style>[\/vc_column][\/vc_row]<\/p>\n","protected":false,"raw":"[vc_row vl_row=\"vl_f_w\" btt_clip=\"\" vl_c_i=\"true\" css=\".vc_custom_1511875437036{padding-bottom: 70px !important;}\"][vc_column][vc_hero_header title=\"Prices\" subtitle=\"2025-2026 academic year\" extra_class=\"\"][\/vc_column][\/vc_row][vc_row btt_clip=\"\"][vc_column width=\"1\/2\"][vc_pricing_table_parent name=\"STANDARD ROOM\" price=\"240.000 TL \/ academic year\" text=\"Enquire now\" url=\"#form\" extra_class=\"\"][vc_pricing_table_features features=\"1 person\r\n21-25 m2\r\nen-suite shower &amp; toilet\r\nkitchen\r\nAcademic Year: 1 September, 2025 - 30 June, 2026\"][\/vc_pricing_table_parent][\/vc_column][vc_column width=\"1\/2\"][vc_pricing_table_parent name=\"SUPERIOR ROOM\" price=\"270.000 TL \/ academic year\" text=\"Enquire now\" url=\"#form\" extra_class=\"\"][vc_pricing_table_features features=\"1 person\r\n26-30 m2\r\nen-suite shower &amp; toilet\r\nkitchen\r\nAcademic Year: 1 September, 2025 - 30 June, 2026\"][\/vc_pricing_table_parent][\/vc_column][\/vc_row][vc_row btt_clip=\"\"][vc_column width=\"1\/2\"][vc_pricing_table_parent name=\"ULTRA ROOM\" price=\"300.000 TL \/ academic year\" text=\"Enquire now\" url=\"#form\" extra_class=\"\"][vc_pricing_table_features features=\"1 person\r\n30-35 m2\r\nen-suite shower &amp; toilet\r\nkitchen\r\nAcademic Year: 1 September, 2025 - 30 June, 2026\"][\/vc_pricing_table_parent][\/vc_column][vc_column width=\"1\/2\"][vc_pricing_table_parent name=\"JUNIOR SUITE\" price=\"315.000 TL \/ academic year\" text=\"Enquire now\" url=\"#form\" extra_class=\"\"][vc_pricing_table_features features=\"1 person\r\n35 m2\r\nen-suite shower &amp; toilet\r\nkitchen\r\nAcademic Year: 1 September, 2025 - 30 June, 2026\"][\/vc_pricing_table_parent][\/vc_column][\/vc_row][vc_row btt_clip=\"\"][vc_column width=\"1\/2\"][vc_pricing_table_parent name=\"CORNER SUITE\" price=\"390.000 TL \/ academic year\" text=\"Enquire now\" url=\"#form\" extra_class=\"\"][vc_pricing_table_features features=\"2 person\r\n45 m2\r\nen-suite shower &amp; toilet\r\nkitchen\r\nAcademic Year: 1 September, 2025 - 30 June, 2026\"][\/vc_pricing_table_parent][\/vc_column][vc_column width=\"1\/2\"][\/vc_column][\/vc_row][vc_row btt_clip=\"\" css=\".vc_custom_1535296657344{margin-top: 20px !important;padding-top: 20px !important;padding-bottom: 20px !important;}\" el_id=\"form\"][vc_column][vc_empty_space height=\"72px\"][vc_custom_heading text=\"Enquiry Form\" font_container=\"tag:h1|text_align:left|color:%23009999\" use_theme_fonts=\"yes\"][\/vc_column][\/vc_row][vc_row btt_clip=\"\"][vc_column][contact-form-7 id=\"6555\"][\/vc_column][\/vc_row][vc_row equal_height=\"yes\" content_placement=\"middle\" vl_row=\"vl_f_w\" btt_clip=\"\" css=\".vc_custom_1516569700176{margin-top: 100px !important;padding-top: 40px !important;}\" el_class=\"align-center\"][vc_column][vc_widget_sidebar sidebar_id=\"footer_sidebar_1\"][\/vc_column][\/vc_row][vc_row full_width=\"stretch_row_content_no_spaces\" equal_height=\"yes\" content_placement=\"bottom\" css_animation=\"fadeInUp\" vl_row=\"vl_f_w\" btt_clip=\"\"][vc_column][vc_single_image lightbox=\"false\" blind=\"false\" image=\"5037\" extra_class=\"\"][\/vc_column][\/vc_row]"},"excerpt":{"rendered":"[vc_row vl_row=\"vl_f_w\" btt_clip=\"\" vl_c_i=\"true\" css=\".vc_custom_1511875437036{padding-bottom: 70px !important;}\"][vc_column]FiyatlarFiyatlar2025-2026 E\u011fitim Y\u0131l\u0131#vlthemes_el_69f36edb7266b {margin:;padding:;}[\/vc_column][\/vc_row][vc_row btt_clip=\"\"][vc_column width=\"1\/2\"]STANDART ODA240.000 TL \/ e\u011fitim y\u0131l\u01311 ki\u015filik 21-25 m2 en-suite du\u015f &amp; tuvalet mutfak E\u011fitim y\u0131l\u0131: 1 Eyl\u00fcl, 2025 - 30 Haziran, 2026Bilgi Isteme#vlthemes_el_69f36edb7268c{margin:;padding:;}[\/vc_column][vc_column width=\"1\/2\"]SUPERIOR ODA270.000 TL \/ e\u011fitim y\u0131l\u01311 ki\u015filik 26-30 m2 en-suite du\u015f &amp; tuvalet mutfak E\u011fitim y\u0131l\u0131: 1 Eyl\u00fcl, 2025 - [...]","protected":false,"raw":""},"author":2,"featured_media":0,"parent":0,"menu_order":0,"comment_status":"closed","ping_status":"closed","template":"template-custom-page.php","meta":{"_tr_post_content":"[vc_row vl_row=\"vl_f_w\" btt_clip=\"\" vl_c_i=\"true\" css=\".vc_custom_1511875437036{padding-bottom: 70px !important;}\"][vc_column][vc_hero_header title=\"Fiyatlar\" subtitle=\"2025-2026 E\u011fitim Y\u0131l\u0131\" extra_class=\"\"][\/vc_column][\/vc_row][vc_row btt_clip=\"\"][vc_column width=\"1\/2\"][vc_pricing_table_parent name=\"STANDART ODA\" price=\"240.000 TL \/ e\u011fitim y\u0131l\u0131\" text=\"Bilgi Isteme\" url=\"#form\" extra_class=\"\"][vc_pricing_table_features features=\"1 ki\u015filik\r\n21-25 m2\r\nen-suite du\u015f &amp; tuvalet\r\nmutfak\r\nE\u011fitim y\u0131l\u0131: 1 Eyl\u00fcl, 2025 - 30 Haziran, 2026\"][\/vc_pricing_table_parent][\/vc_column][vc_column width=\"1\/2\"][vc_pricing_table_parent name=\"SUPERIOR ODA\" price=\"270.000 TL \/ e\u011fitim y\u0131l\u0131\" text=\"Bilgi Isteme\" url=\"#form\" extra_class=\"\"][vc_pricing_table_features features=\"1 ki\u015filik\r\n26-30 m2\r\nen-suite du\u015f &amp; tuvalet\r\nmutfak\r\nE\u011fitim y\u0131l\u0131: 1 Eyl\u00fcl, 2025 - 30 Haziran, 2026\"][\/vc_pricing_table_parent][\/vc_column][\/vc_row][vc_row btt_clip=\"\"][vc_column width=\"1\/2\"][vc_pricing_table_parent name=\"ULTRA ODA\" price=\"300.000 TL \/ e\u011fitim y\u0131l\u0131\" text=\"Bilgi Isteme\" url=\"#form\" extra_class=\"\"][vc_pricing_table_features features=\"1 ki\u015filik\r\n30-35 m2\r\nen-suite du\u015f &amp; tuvalet\r\nmutfak\r\nE\u011fitim y\u0131l\u0131: 1 Eyl\u00fcl, 2025 - 30 Haziran, 2026\"][\/vc_pricing_table_parent][\/vc_column][vc_column width=\"1\/2\"][vc_pricing_table_parent name=\"JUNIOR SUIT\" price=\"315.000 TL \/ e\u011fitim y\u0131l\u0131\" text=\"Bilgi Isteme\" url=\"#form\" extra_class=\"\"][vc_pricing_table_features features=\"1 ki\u015filik\r\n35 m2\r\nen-suite du\u015f &amp; tuvalet\r\nmutfak\r\nE\u011fitim y\u0131l\u0131: 1 Eyl\u00fcl, 2025 - 30 Haziran, 2026\"][\/vc_pricing_table_parent][\/vc_column][\/vc_row][vc_row btt_clip=\"\"][vc_column width=\"1\/2\"][vc_pricing_table_parent name=\"K\u00d6\u015eE SUIT\" price=\"390.000 TL \/ e\u011fitim y\u0131l\u0131\" text=\"Bilgi Isteme\" url=\"#form\" extra_class=\"\"][vc_pricing_table_features features=\"2 ki\u015filik\r\n45 m2\r\nen-suite du\u015f &amp; tuvalet\r\nmutfak\r\nE\u011fitim y\u0131l\u0131: 1 Eyl\u00fcl, 2025 - 30 Haziran, 2026\"][\/vc_pricing_table_parent][\/vc_column][vc_column width=\"1\/2\"][\/vc_column][\/vc_row][vc_row btt_clip=\"\" css=\".vc_custom_1589138668252{margin-top: 20px !important;padding-top: 20px !important;padding-bottom: 20px !important;}\" el_id=\"form\"][vc_column][vc_empty_space height=\"72px\"][vc_custom_heading text=\"Bilgi Talep Formu\" font_container=\"tag:h1|text_align:left|color:%23009999\" use_theme_fonts=\"yes\"][\/vc_column][\/vc_row][vc_row btt_clip=\"\"][vc_column][contact-form-7 id=\"5925\"][\/vc_column][\/vc_row][vc_row equal_height=\"yes\" content_placement=\"middle\" vl_row=\"vl_f_w\" btt_clip=\"\" css=\".vc_custom_1516569700176{margin-top: 100px !important;padding-top: 40px !important;}\" el_class=\"align-center\"][vc_column][vc_widget_sidebar sidebar_id=\"footer_sidebar_1\"][\/vc_column][\/vc_row][vc_row full_width=\"stretch_row_content_no_spaces\" equal_height=\"yes\" content_placement=\"bottom\" css_animation=\"fadeInUp\" vl_row=\"vl_f_w\" btt_clip=\"\"][vc_column][vc_single_image lightbox=\"false\" blind=\"false\" image=\"5037\" extra_class=\"\"][\/vc_column][\/vc_row]","_tr_post_name":"fiyatlar","_tr_post_excerpt":"","_tr_post_title":"Fiyatlar","_en_post_content":"[vc_row vl_row=\"vl_f_w\" btt_clip=\"\" vl_c_i=\"true\" css=\".vc_custom_1511875437036{padding-bottom: 70px !important;}\"][vc_column][vc_hero_header title=\"Prices\" subtitle=\"2025-2026 academic year\" extra_class=\"\"][\/vc_column][\/vc_row][vc_row btt_clip=\"\"][vc_column width=\"1\/2\"][vc_pricing_table_parent name=\"STANDARD ROOM\" price=\"240.000 TL \/ academic year\" text=\"Enquire now\" url=\"#form\" extra_class=\"\"][vc_pricing_table_features features=\"1 person\r\n21-25 m2\r\nen-suite shower &amp; toilet\r\nkitchen\r\nAcademic Year: 1 September, 2025 - 30 June, 2026\"][\/vc_pricing_table_parent][\/vc_column][vc_column width=\"1\/2\"][vc_pricing_table_parent name=\"SUPERIOR ROOM\" price=\"270.000 TL \/ academic year\" text=\"Enquire now\" url=\"#form\" extra_class=\"\"][vc_pricing_table_features features=\"1 person\r\n26-30 m2\r\nen-suite shower &amp; toilet\r\nkitchen\r\nAcademic Year: 1 September, 2025 - 30 June, 2026\"][\/vc_pricing_table_parent][\/vc_column][\/vc_row][vc_row btt_clip=\"\"][vc_column width=\"1\/2\"][vc_pricing_table_parent name=\"ULTRA ROOM\" price=\"300.000 TL \/ academic year\" text=\"Enquire now\" url=\"#form\" extra_class=\"\"][vc_pricing_table_features features=\"1 person\r\n30-35 m2\r\nen-suite shower &amp; toilet\r\nkitchen\r\nAcademic Year: 1 September, 2025 - 30 June, 2026\"][\/vc_pricing_table_parent][\/vc_column][vc_column width=\"1\/2\"][vc_pricing_table_parent name=\"JUNIOR SUITE\" price=\"315.000 TL \/ academic year\" text=\"Enquire now\" url=\"#form\" extra_class=\"\"][vc_pricing_table_features features=\"1 person\r\n35 m2\r\nen-suite shower &amp; toilet\r\nkitchen\r\nAcademic Year: 1 September, 2025 - 30 June, 2026\"][\/vc_pricing_table_parent][\/vc_column][\/vc_row][vc_row btt_clip=\"\"][vc_column width=\"1\/2\"][vc_pricing_table_parent name=\"CORNER SUITE\" price=\"390.000 TL \/ academic year\" text=\"Enquire now\" url=\"#form\" extra_class=\"\"][vc_pricing_table_features features=\"2 person\r\n45 m2\r\nen-suite shower &amp; toilet\r\nkitchen\r\nAcademic Year: 1 September, 2025 - 30 June, 2026\"][\/vc_pricing_table_parent][\/vc_column][vc_column width=\"1\/2\"][\/vc_column][\/vc_row][vc_row btt_clip=\"\" css=\".vc_custom_1535296657344{margin-top: 20px !important;padding-top: 20px !important;padding-bottom: 20px !important;}\" el_id=\"form\"][vc_column][vc_empty_space height=\"72px\"][vc_custom_heading text=\"Enquiry Form\" font_container=\"tag:h1|text_align:left|color:%23009999\" use_theme_fonts=\"yes\"][\/vc_column][\/vc_row][vc_row btt_clip=\"\"][vc_column][contact-form-7 id=\"6555\"][\/vc_column][\/vc_row][vc_row equal_height=\"yes\" content_placement=\"middle\" vl_row=\"vl_f_w\" btt_clip=\"\" css=\".vc_custom_1516569700176{margin-top: 100px !important;padding-top: 40px !important;}\" el_class=\"align-center\"][vc_column][vc_widget_sidebar sidebar_id=\"footer_sidebar_1\"][\/vc_column][\/vc_row][vc_row full_width=\"stretch_row_content_no_spaces\" equal_height=\"yes\" content_placement=\"bottom\" css_animation=\"fadeInUp\" vl_row=\"vl_f_w\" btt_clip=\"\"][vc_column][vc_single_image lightbox=\"false\" blind=\"false\" image=\"5037\" extra_class=\"\"][\/vc_column][\/vc_row]","_en_post_name":"fiyatlar","_en_post_excerpt":"","_en_post_title":"Prices","edit_language":"en"},"_links":{"self":[{"href":"https:\/\/dormikibris.com\/wp-json\/wp\/v2\/pages\/3412"}],"collection":[{"href":"https:\/\/dormikibris.com\/wp-json\/wp\/v2\/pages"}],"about":[{"href":"https:\/\/dormikibris.com\/wp-json\/wp\/v2\/types\/page"}],"author":[{"embeddable":true,"href":"https:\/\/dormikibris.com\/wp-json\/wp\/v2\/users\/2"}],"replies":[{"embeddable":true,"href":"https:\/\/dormikibris.com\/wp-json\/wp\/v2\/comments?post=3412"}],"version-history":[{"count":11,"href":"https:\/\/dormikibris.com\/wp-json\/wp\/v2\/pages\/3412\/revisions"}],"predecessor-version":[{"id":6725,"href":"https:\/\/dormikibris.com\/wp-json\/wp\/v2\/pages\/3412\/revisions\/6725"}],"wp:attachment":[{"href":"https:\/\/dormikibris.com\/wp-json\/wp\/v2\/media?parent=3412"}],"curies":[{"name":"wp","href":"https:\/\/api.w.org\/{rel}","templated":true}]}}