{"id":3411,"date":"2017-11-04T20:12:25","date_gmt":"2017-11-04T17:12:25","guid":{"rendered":"https:\/\/dormikibris.com\/faq\/"},"modified":"2019-11-28T15:00:24","modified_gmt":"2019-11-28T12:00:24","slug":"sorular","status":"publish","type":"page","link":"https:\/\/dormikibris.com\/sorular\/","title":{"rendered":"Questions","raw":"Questions"},"content":{"rendered":"<p>[vc_row vl_row=&#8221;vl_f_w&#8221; btt_clip=&#8221;&#8221; vl_c_i=&#8221;true&#8221; css=&#8221;.vc_custom_1509840116030{padding-bottom: 70px !important;}&#8221;][vc_column]<div class=\"vl-hero-title-holder\" id=\"vlthemes_el_69f374879e33f\"><div class=\"vl-hero-phantom-text h1\" data-jarallax-element=\"-100\">Questions<\/div><div class=\"vl-hero-title-content\"><h1 class=\"vl-hero-title vl-primary-color\">Questions<\/h1><p class=\"vl-hero-subtitle\">Frequently Asked Questions<\/p><\/div><\/div><style type=\"text\/css\" data-type=\"vc_custom-css\">#vlthemes_el_69f374879e33f {margin:;padding:;}<\/style>[\/vc_column][\/vc_row][vc_row btt_clip=&#8221;&#8221;][vc_column][vc_column_text]<\/p>\n<h3>Dormitory rooms<\/h3>\n<ul>\n<li><strong>Is DORM\u0130 a safe place to stay?<\/strong><\/li>\n<\/ul>\n<p>Providing a safe hostel and accommodation is one of our main concerns. We have staff working 24 hours a day, full CCTV coverage, key access to the rooms and there are safes in each room.<\/p>\n<ul>\n<li><strong>Do you serve food?<\/strong><\/li>\n<\/ul>\n<p>DORM\u0130 Cafe serves a variety of meals between the morning and late evening.<\/p>\n<ul>\n<li><strong>Are meals included?<\/strong><\/li>\n<\/ul>\n<p>Meals can be purchased at favourable prices on a pay as you go basis.<\/p>\n<ul>\n<li><strong>Are there printing or scanning facilities?<\/strong><\/li>\n<\/ul>\n<p>It is possible to print, fax and scan small documents. You just need to ask reception.<\/p>\n<ul>\n<li><strong>Do you have Internet?<\/strong><\/li>\n<\/ul>\n<p>We provide free Wi-Fi in all our common areas and in the rooms. Faster internet is also available against a small fee.<\/p>\n<ul>\n<li><strong>Do all rooms have kitchen and en-suite facilities?<\/strong><\/li>\n<\/ul>\n<p>Yes, we have only private rooms and you are guaranteed not to share it with anyone else. All rooms are en-suite which means that the room has toilet and shower facilities accessible from within. In addition to the normal tea and coffee facilities, every room also has a kitchen.<\/p>\n<ul>\n<li><strong>Is there somewhere to wash and dry my clothes at DORM\u0130?<\/strong><\/li>\n<\/ul>\n<p>Yes, DORM\u0130 laundry room is located on B1 floor and the machines are operated by tokens only. Tokens for the washing machine, dryer plus detergent can be purchased for just 5 TL from the reception. There is a complimentary iron and an ironing board available for use in the laundry room.<\/p>\n<h4>Payment<\/h4>\n<ul>\n<li><strong>How can I book a room?<\/strong><\/li>\n<\/ul>\n<p>Please contact DORM\u0130 management team directly by email or phone by following our respective <a href=\"https:\/\/dormikibris.com\/en\/bize-ulasin\/\">link<\/a>.<\/p>\n<ul>\n<li><strong>Do you accept Euros or US Dollars?<\/strong><\/li>\n<\/ul>\n<p>In adition to Turkish Liras, we accept Euros, US Dollars, Pound Sterlings.<\/p>\n<ul>\n<li><strong>How can I pay?<\/strong><\/li>\n<\/ul>\n<p>You can pay via cash, credit card or bank transfer.<\/p>\n<ul>\n<li><strong>When do I pay?<\/strong><\/li>\n<\/ul>\n<p>You will need to pay the full amount for your booking to confirm your booking before you check in. Any deposits you may have paid will be deducted from your bill. Finalized reservations cannot be cancelled.<\/p>\n<h5>DORM\u0130 rules<\/h5>\n<ul>\n<li><strong>What are your under 18 rules?<\/strong><\/li>\n<\/ul>\n<p>Persons under 18 must have written permission from their legal guardian stating they are allowed to stay in the dormitory.<\/p>\n<ul>\n<li><strong>Can I share a room to save money?<\/strong><\/li>\n<\/ul>\n<p>No, we cannot allow more than one person to stay in a single room.<\/p>\n<ul>\n<li><strong>Can I smoke there?<\/strong><\/li>\n<\/ul>\n<p>DORM\u0130 operates a strict no smoking policy in line with North Cyprus regulations but we do provide smoking outdoor areas.<\/p>\n<ul>\n<li><strong>Can my friend or family visit me?<\/strong><\/li>\n<\/ul>\n<p>To ensure our high level of security for our guests, outside guests are only allowed in with a valid id between the hours of 08:00 and 00:00. Family members can stay over for a short term and we are happy to provide complimentary supplemental beds.<\/p>\n<ul>\n<li><strong>Are utilities included in the price?<\/strong><\/li>\n<\/ul>\n<p>Electricity and water meters are activated with prepaid cards and available for sale at reception. This allows fair pricing and use of utilities.[\/vc_column_text][\/vc_column][\/vc_row][vc_row equal_height=&#8221;yes&#8221; content_placement=&#8221;middle&#8221; vl_row=&#8221;vl_f_w&#8221; btt_clip=&#8221;&#8221; css=&#8221;.vc_custom_1516571358134{margin-top: 100px !important;padding-top: 40px !important;}&#8221; el_class=&#8221;align-center&#8221;][vc_column][vc_widget_sidebar sidebar_id=&#8221;footer_sidebar_1&#8243;][\/vc_column][\/vc_row][vc_row full_width=&#8221;stretch_row_content_no_spaces&#8221; equal_height=&#8221;yes&#8221; content_placement=&#8221;bottom&#8221; css_animation=&#8221;fadeInUp&#8221; vl_row=&#8221;vl_f_w&#8221; btt_clip=&#8221;&#8221;][vc_column]<div class=\"vl-single-image\" id=\"vlthemes_el_69f374879e360\"><img src=\"https:\/\/dormikibris.com\/wp-content\/uploads\/2018\/01\/cyprus-student-hotel-nicosia.jpg\" alt=\"Kuzey K\u0131br\u0131s\u2019ta Kiral\u0131k Yurt Odalar\u0131\"><\/div><style type=\"text\/css\" data-type=\"vc_custom-css\">#vlthemes_el_69f374879e360{margin:;padding:;}<\/style>[\/vc_column][\/vc_row]<\/p>\n","protected":false,"raw":"[vc_row vl_row=\"vl_f_w\" btt_clip=\"\" vl_c_i=\"true\" css=\".vc_custom_1509840116030{padding-bottom: 70px !important;}\"][vc_column][vc_hero_header title=\"Questions\" subtitle=\"Frequently Asked Questions\" extra_class=\"\"][\/vc_column][\/vc_row][vc_row btt_clip=\"\"][vc_column][vc_column_text]\r\n<h3>Dormitory rooms<\/h3>\r\n<ul>\r\n \t<li><strong>Is DORM\u0130 a safe place to stay?<\/strong><\/li>\r\n<\/ul>\r\nProviding a safe hostel and accommodation is one of our main concerns. We have staff working 24 hours a day, full CCTV coverage, key access to the rooms and there are safes in each room.\r\n<ul>\r\n \t<li><strong>Do you serve food?<\/strong><\/li>\r\n<\/ul>\r\nDORM\u0130 Cafe serves a variety of meals between the morning and late evening.\r\n<ul>\r\n \t<li><strong>Are meals included?<\/strong><\/li>\r\n<\/ul>\r\nMeals can be purchased at favourable prices on a pay as you go basis.\r\n<ul>\r\n \t<li><strong>Are there printing or scanning facilities?<\/strong><\/li>\r\n<\/ul>\r\nIt is possible to print, fax and scan small documents. You just need to ask reception.\r\n<ul>\r\n \t<li><strong>Do you have Internet?<\/strong><\/li>\r\n<\/ul>\r\nWe provide free Wi-Fi in all our common areas and in the rooms. Faster internet is also available against a small fee.\r\n<ul>\r\n \t<li><strong>Do all rooms have kitchen and en-suite facilities?<\/strong><\/li>\r\n<\/ul>\r\nYes, we have only private rooms and you are guaranteed not to share it with anyone else. All rooms are en-suite which means that the room has toilet and shower facilities accessible from within. In addition to the normal tea and coffee facilities, every room also has a kitchen.\r\n<ul>\r\n \t<li><strong>Is there somewhere to wash and dry my clothes at DORM\u0130?<\/strong><\/li>\r\n<\/ul>\r\nYes, DORM\u0130 laundry room is located on B1 floor and the machines are operated by tokens only. Tokens for the washing machine, dryer plus detergent can be purchased for just 5 TL from the reception. There is a complimentary iron and an ironing board available for use in the laundry room.\r\n<h4>Payment<\/h4>\r\n<ul>\r\n \t<li><strong>How can I book a room?<\/strong><\/li>\r\n<\/ul>\r\nPlease contact DORM\u0130 management team directly by email or phone by following our respective <a href=\"https:\/\/dormikibris.com\/en\/bize-ulasin\/\">link<\/a>.\r\n<ul>\r\n \t<li><strong>Do you accept Euros or US Dollars?<\/strong><\/li>\r\n<\/ul>\r\nIn adition to Turkish Liras, we accept Euros, US Dollars, Pound Sterlings.\r\n<ul>\r\n \t<li><strong>How can I pay?<\/strong><\/li>\r\n<\/ul>\r\nYou can pay via cash, credit card or bank transfer.\r\n<ul>\r\n \t<li><strong>When do I pay?<\/strong><\/li>\r\n<\/ul>\r\nYou will need to pay the full amount for your booking to confirm your booking before you check in. Any deposits you may have paid will be deducted from your bill. Finalized reservations cannot be cancelled.\r\n<h5>DORM\u0130 rules<\/h5>\r\n<ul>\r\n \t<li><strong>What are your under 18 rules?<\/strong><\/li>\r\n<\/ul>\r\nPersons under 18 must have written permission from their legal guardian stating they are allowed to stay in the dormitory.\r\n<ul>\r\n \t<li><strong>Can I share a room to save money?<\/strong><\/li>\r\n<\/ul>\r\nNo, we cannot allow more than one person to stay in a single room.\r\n<ul>\r\n \t<li><strong>Can I smoke there?<\/strong><\/li>\r\n<\/ul>\r\nDORM\u0130 operates a strict no smoking policy in line with North Cyprus regulations but we do provide smoking outdoor areas.\r\n<ul>\r\n \t<li><strong>Can my friend or family visit me?<\/strong><\/li>\r\n<\/ul>\r\nTo ensure our high level of security for our guests, outside guests are only allowed in with a valid id between the hours of 08:00 and 00:00. Family members can stay over for a short term and we are happy to provide complimentary supplemental beds.\r\n<ul>\r\n \t<li><strong>Are utilities included in the price?<\/strong><\/li>\r\n<\/ul>\r\nElectricity and water meters are activated with prepaid cards and available for sale at reception. This allows fair pricing and use of utilities.[\/vc_column_text][\/vc_column][\/vc_row][vc_row equal_height=\"yes\" content_placement=\"middle\" vl_row=\"vl_f_w\" btt_clip=\"\" css=\".vc_custom_1516571358134{margin-top: 100px !important;padding-top: 40px !important;}\" el_class=\"align-center\"][vc_column][vc_widget_sidebar sidebar_id=\"footer_sidebar_1\"][\/vc_column][\/vc_row][vc_row full_width=\"stretch_row_content_no_spaces\" equal_height=\"yes\" content_placement=\"bottom\" css_animation=\"fadeInUp\" vl_row=\"vl_f_w\" btt_clip=\"\"][vc_column][vc_single_image lightbox=\"false\" blind=\"false\" image=\"4723\" extra_class=\"\"][\/vc_column][\/vc_row]"},"excerpt":{"rendered":"[vc_row vl_row=\"vl_f_w\" btt_clip=\"\" vl_c_i=\"true\" css=\".vc_custom_1509840116030{padding-bottom: 70px !important;}\"][vc_column]SorularSorularS\u0131k\u00e7a sorulan sorular#vlthemes_el_69f374879e697 {margin:;padding:;}[\/vc_column][\/vc_row][vc_row btt_clip=\"\"][vc_column][vc_column_text] K\u0131br\u0131s\u2019ta Kiral\u0131k Yurt Odalar\u0131 Dormi \u00f6\u011frenci yurdu g\u00fcvenli bir yer midir? Evet. \u00d6nceliklerimizin ba\u015fta geleni g\u00fcvenli bir ya\u015fam alan\u0131 olu\u015fturmakt\u0131r. Bu sebeple, 7 g\u00fcn ve 24 saat, tatil g\u00f6zetmeksizin s\u00fcrekli g\u00f6revlimiz bulunmakad\u0131r. Ayr\u0131ca, b\u00fct\u00fcn ortak alanlar s\u00fcrekli olarak kapal\u0131 devre kameralar\u0131 ile kaydedilmektedir. Her [...]","protected":false,"raw":""},"author":2,"featured_media":0,"parent":0,"menu_order":0,"comment_status":"closed","ping_status":"closed","template":"template-custom-page.php","meta":{"_tr_post_content":"[vc_row vl_row=\"vl_f_w\" btt_clip=\"\" vl_c_i=\"true\" css=\".vc_custom_1509840116030{padding-bottom: 70px !important;}\"][vc_column][vc_hero_header title=\"Sorular\" subtitle=\"S\u0131k\u00e7a sorulan sorular\" extra_class=\"\"][\/vc_column][\/vc_row][vc_row btt_clip=\"\"][vc_column][vc_column_text]\r\n<h3>K\u0131br\u0131s\u2019ta Kiral\u0131k Yurt Odalar\u0131<\/h3>\r\n<ul>\r\n \t<li><strong>Dormi \u00f6\u011frenci yurdu g\u00fcvenli bir yer midir?<\/strong><\/li>\r\n<\/ul>\r\nEvet. \u00d6nceliklerimizin ba\u015fta geleni g\u00fcvenli bir ya\u015fam alan\u0131 olu\u015fturmakt\u0131r. Bu sebeple, 7 g\u00fcn ve 24 saat, tatil g\u00f6zetmeksizin s\u00fcrekli g\u00f6revlimiz bulunmakad\u0131r. Ayr\u0131ca, b\u00fct\u00fcn ortak alanlar s\u00fcrekli olarak kapal\u0131 devre kameralar\u0131 ile kaydedilmektedir. Her odada gizli \u015fifreli kasa bulunmaktad\u0131r.\r\n<ul>\r\n \t<li><strong>Yemek servisi var m\u0131d\u0131r?<\/strong><\/li>\r\n<\/ul>\r\nEvet. Dormi Cafe sabahtan itibaren ak\u015fam ge\u00e7 vakte kadar yemek servisi vermektedir.\r\n<ul>\r\n \t<li><strong>Yemek \u00fccrete dahil midir?<\/strong><\/li>\r\n<\/ul>\r\nKahvalt\u0131 ve yemek servisi uygun fiyatlardan Dormi Cafe'de mevcuttur.\r\n<ul>\r\n \t<li><strong>Yaz\u0131c\u0131 ya da scanner imkan\u0131 mevcut mudur?<\/strong><\/li>\r\n<\/ul>\r\nEvet. K\u00fc\u00e7\u00fck miktarda evra\u011f\u0131n\u0131z i\u00e7in resepsiyondan yard\u0131m istemeniz yeterlidir.\r\n<ul>\r\n \t<li><strong>\u0130nternet mevcut mudur?<\/strong><\/li>\r\n<\/ul>\r\nEvet. T\u00fcm odalarda ve ortak alanlarda \u00fccretsiz internet mevcuttur.\u00a0 E\u011fer daha s\u00fcratli bant\u00a0 geni\u015fli\u011fi olan internet ihtiyac\u0131n\u0131z var ise ufak bir \u00fccret \u00f6deyerek ayr\u0131 \u015fifre alabilirsiniz.\r\n<ul>\r\n \t<li><strong>T\u00fcm odalarda en-suite tuvalet ve mutfak mevcut mudur?<\/strong><\/li>\r\n<\/ul>\r\nEvet. T\u00fcm odalar\u0131m\u0131za \u00f6zel ve sadece oda i\u00e7erisinden girilebilen kendine ait mutfak ve tuvalet mevcuttur. Bu alanlar sadece size aittir ve ortak kullan\u0131mda de\u011fildir.\r\n<ul>\r\n \t<li><strong>Dormi'de \u00e7ama\u015f\u0131rlar\u0131m\u0131 y\u0131kay\u0131p kurulayabilece\u011fim bir alan mevcut mudur?<\/strong><\/li>\r\n<\/ul>\r\nEvet. B1 kat\u0131nda bulunan \u00e7ama\u015f\u0131r odas\u0131nda jetonla \u00e7al\u0131\u015fan \u00e7ama\u015f\u0131r ve kurutma makineleri mevcuttur. Jetonlar ve deterjan 5 TL kar\u015f\u0131l\u0131\u011f\u0131nda Resepsiyon\u2019dan sat\u0131n al\u0131nabilir. Ayr\u0131ca, \u00e7ama\u015f\u0131r odas\u0131nda \u00fccretsiz olarak kullanabilece\u011finiz \u00fct\u00fc ve \u00fct\u00fc tahtas\u0131 mevcuttur.\r\n<h4>\u00d6deme<\/h4>\r\n<ul>\r\n \t<li><strong>Nas\u0131l rezervasyon yapabilirim?<\/strong><\/li>\r\n<\/ul>\r\n<a href=\"https:\/\/dormikibris.com\/bize-ulasin\/\">Dormi\u2019ye Ula\u015f\u0131n<\/a> sayfas\u0131nda bulunan Dormi y\u00f6netim ekibi telefon ya da e-mail adresini kullanarak bizimle temasa ge\u00e7in.\r\n<ul>\r\n \t<li><strong>\u00d6deme yapmak i\u00e7in Euro ya da Amerikan Dolar\u0131 kullanabilir miyim?<\/strong><\/li>\r\n<\/ul>\r\nT\u00fcrk Liras\u0131\u2019na ek olarak Euro, Amerikan Dolar\u0131, Sterlin para birimlerinden de \u00f6deme yapabilirsiniz.\r\n<ul>\r\n \t<li><strong>Nas\u0131l \u00f6deme yapabilirim?<\/strong><\/li>\r\n<\/ul>\r\nNakit, kredi kart\u0131 veya banka havalesi ile \u00f6deme yapabilirsiniz.\r\n<ul>\r\n \t<li><strong>Ne zaman \u00f6deme yapmam gerekir?<\/strong><\/li>\r\n<\/ul>\r\nRezervasyonunuzu kesinle\u015ftirmeniz i\u00e7in \u00f6demenin tamam\u0131n\u0131 yapman\u0131z gerekmektedir. Kesinle\u015fen t\u00fcm rezervasyonlar nihayidir,\u00a0iptali yap\u0131lamaz.\r\n<h5>DORM\u0130 kurallar\u0131<\/h5>\r\n<ul>\r\n \t<li><strong>18 ya\u015f\u0131ndan k\u00fc\u00e7\u00fckler i\u00e7in olan kurallar?<\/strong><\/li>\r\n<\/ul>\r\n18 ya\u015f\u0131ndan k\u00fc\u00e7\u00fck olan misafirlerimizin yasal vasisinden Dormi\u2019de kalabileceklerine ili\u015fkin yaz\u0131 getirmeleri gerekmektedir.\r\n<ul>\r\n \t<li><strong>Tek ki\u015filik odam\u0131 payla\u015f\u0131p tasarruf edebilir miyim?<\/strong><\/li>\r\n<\/ul>\r\nTek ki\u015filik odalarda sadece bir ki\u015fi kalmas\u0131 gerekiyor ve tek ki\u015filik odalar\u0131n birden \u00e7ok ki\u015fi taraf\u0131ndan payla\u015f\u0131lmas\u0131 m\u00fcmk\u00fcn de\u011fildir.\r\n<ul>\r\n \t<li><strong>Sigara i\u00e7ebilir miyim?<\/strong><\/li>\r\n<\/ul>\r\nKuzey K\u0131br\u0131s'taki yasal kurallar \u00e7er\u00e7evesinde Dormi\u2019deki i\u00e7 mekanlarda sigara i\u00e7mek yasakt\u0131r. Ancak sigara i\u00e7ilebilecek d\u0131\u015f mekanlar mevcuttur.\r\n<ul>\r\n \t<li><strong>Arkada\u015f\u0131m veya ailem beni ziyaret edebilir mi?<\/strong><\/li>\r\n<\/ul>\r\nMisafirlerimizin g\u00fcvenli\u011fi a\u00e7\u0131s\u0131ndan d\u0131\u015far\u0131nda gelen misafir giri\u015f saatleri 08:00 - 00:00 olarak belirlenmi\u015ftir. Ziyaret\u00e7iler kimlik kartlar\u0131n\u0131 resepsiyonda b\u0131rakmalar\u0131 gerekmektedir. Misafirlerimizin anne baba ve karde\u015fleri k\u0131sa s\u00fcreli olarak odalar\u0131nda konaklayabilirler, ihtiya\u00e7 duymalar\u0131 halinde \u00fccretsiz ek yatak verilmektedir.\r\n<ul>\r\n \t<li><strong>Elektrik ve su \u00fccrete dahil midir?<\/strong><\/li>\r\n<\/ul>\r\nElektrik ve su saya\u00e7lar\u0131na resepsiyondan sat\u0131n alabilece\u011finiz \u00f6n \u00f6demeli kartlarla kont\u00f6r y\u00fcklemesi yap\u0131labilmektedir. Bu \u015fekilde kullan\u0131ma g\u00f6re adil fiyatlama sa\u011flanmaktad\u0131r.[\/vc_column_text][\/vc_column][\/vc_row][vc_row equal_height=\"yes\" content_placement=\"middle\" vl_row=\"vl_f_w\" btt_clip=\"\" css=\".vc_custom_1516571358134{margin-top: 100px !important;padding-top: 40px !important;}\" el_class=\"align-center\"][vc_column][vc_widget_sidebar sidebar_id=\"footer_sidebar_1\"][\/vc_column][\/vc_row][vc_row full_width=\"stretch_row_content_no_spaces\" equal_height=\"yes\" content_placement=\"bottom\" css_animation=\"fadeInUp\" vl_row=\"vl_f_w\" btt_clip=\"\"][vc_column][vc_single_image lightbox=\"false\" blind=\"false\" image=\"4723\" extra_class=\"\"][\/vc_column][\/vc_row]","_tr_post_name":"sorular","_tr_post_excerpt":"","_tr_post_title":"Sorular","_en_post_content":"[vc_row vl_row=\"vl_f_w\" btt_clip=\"\" vl_c_i=\"true\" css=\".vc_custom_1509840116030{padding-bottom: 70px !important;}\"][vc_column][vc_hero_header title=\"Questions\" subtitle=\"Frequently Asked Questions\" extra_class=\"\"][\/vc_column][\/vc_row][vc_row btt_clip=\"\"][vc_column][vc_column_text]\r\n<h3>Dormitory rooms<\/h3>\r\n<ul>\r\n \t<li><strong>Is DORM\u0130 a safe place to stay?<\/strong><\/li>\r\n<\/ul>\r\nProviding a safe hostel and accommodation is one of our main concerns. We have staff working 24 hours a day, full CCTV coverage, key access to the rooms and there are safes in each room.\r\n<ul>\r\n \t<li><strong>Do you serve food?<\/strong><\/li>\r\n<\/ul>\r\nDORM\u0130 Cafe serves a variety of meals between the morning and late evening.\r\n<ul>\r\n \t<li><strong>Are meals included?<\/strong><\/li>\r\n<\/ul>\r\nMeals can be purchased at favourable prices on a pay as you go basis.\r\n<ul>\r\n \t<li><strong>Are there printing or scanning facilities?<\/strong><\/li>\r\n<\/ul>\r\nIt is possible to print, fax and scan small documents. You just need to ask reception.\r\n<ul>\r\n \t<li><strong>Do you have Internet?<\/strong><\/li>\r\n<\/ul>\r\nWe provide free Wi-Fi in all our common areas and in the rooms. Faster internet is also available against a small fee.\r\n<ul>\r\n \t<li><strong>Do all rooms have kitchen and en-suite facilities?<\/strong><\/li>\r\n<\/ul>\r\nYes, we have only private rooms and you are guaranteed not to share it with anyone else. All rooms are en-suite which means that the room has toilet and shower facilities accessible from within. In addition to the normal tea and coffee facilities, every room also has a kitchen.\r\n<ul>\r\n \t<li><strong>Is there somewhere to wash and dry my clothes at DORM\u0130?<\/strong><\/li>\r\n<\/ul>\r\nYes, DORM\u0130 laundry room is located on B1 floor and the machines are operated by tokens only. Tokens for the washing machine, dryer plus detergent can be purchased for just 5 TL from the reception. There is a complimentary iron and an ironing board available for use in the laundry room.\r\n<h4>Payment<\/h4>\r\n<ul>\r\n \t<li><strong>How can I book a room?<\/strong><\/li>\r\n<\/ul>\r\nPlease contact DORM\u0130 management team directly by email or phone by following our respective <a href=\"https:\/\/dormikibris.com\/en\/bize-ulasin\/\">link<\/a>.\r\n<ul>\r\n \t<li><strong>Do you accept Euros or US Dollars?<\/strong><\/li>\r\n<\/ul>\r\nIn adition to Turkish Liras, we accept Euros, US Dollars, Pound Sterlings.\r\n<ul>\r\n \t<li><strong>How can I pay?<\/strong><\/li>\r\n<\/ul>\r\nYou can pay via cash, credit card or bank transfer.\r\n<ul>\r\n \t<li><strong>When do I pay?<\/strong><\/li>\r\n<\/ul>\r\nYou will need to pay the full amount for your booking to confirm your booking before you check in. Any deposits you may have paid will be deducted from your bill. Finalized reservations cannot be cancelled.\r\n<h5>DORM\u0130 rules<\/h5>\r\n<ul>\r\n \t<li><strong>What are your under 18 rules?<\/strong><\/li>\r\n<\/ul>\r\nPersons under 18 must have written permission from their legal guardian stating they are allowed to stay in the dormitory.\r\n<ul>\r\n \t<li><strong>Can I share a room to save money?<\/strong><\/li>\r\n<\/ul>\r\nNo, we cannot allow more than one person to stay in a single room.\r\n<ul>\r\n \t<li><strong>Can I smoke there?<\/strong><\/li>\r\n<\/ul>\r\nDORM\u0130 operates a strict no smoking policy in line with North Cyprus regulations but we do provide smoking outdoor areas.\r\n<ul>\r\n \t<li><strong>Can my friend or family visit me?<\/strong><\/li>\r\n<\/ul>\r\nTo ensure our high level of security for our guests, outside guests are only allowed in with a valid id between the hours of 08:00 and 00:00. Family members can stay over for a short term and we are happy to provide complimentary supplemental beds.\r\n<ul>\r\n \t<li><strong>Are utilities included in the price?<\/strong><\/li>\r\n<\/ul>\r\nElectricity and water meters are activated with prepaid cards and available for sale at reception. This allows fair pricing and use of utilities.[\/vc_column_text][\/vc_column][\/vc_row][vc_row equal_height=\"yes\" content_placement=\"middle\" vl_row=\"vl_f_w\" btt_clip=\"\" css=\".vc_custom_1516571358134{margin-top: 100px !important;padding-top: 40px !important;}\" el_class=\"align-center\"][vc_column][vc_widget_sidebar sidebar_id=\"footer_sidebar_1\"][\/vc_column][\/vc_row][vc_row full_width=\"stretch_row_content_no_spaces\" equal_height=\"yes\" content_placement=\"bottom\" css_animation=\"fadeInUp\" vl_row=\"vl_f_w\" btt_clip=\"\"][vc_column][vc_single_image lightbox=\"false\" blind=\"false\" image=\"4723\" extra_class=\"\"][\/vc_column][\/vc_row]","_en_post_name":"sorular","_en_post_excerpt":"","_en_post_title":"Questions","edit_language":"en"},"_links":{"self":[{"href":"https:\/\/dormikibris.com\/wp-json\/wp\/v2\/pages\/3411"}],"collection":[{"href":"https:\/\/dormikibris.com\/wp-json\/wp\/v2\/pages"}],"about":[{"href":"https:\/\/dormikibris.com\/wp-json\/wp\/v2\/types\/page"}],"author":[{"embeddable":true,"href":"https:\/\/dormikibris.com\/wp-json\/wp\/v2\/users\/2"}],"replies":[{"embeddable":true,"href":"https:\/\/dormikibris.com\/wp-json\/wp\/v2\/comments?post=3411"}],"version-history":[{"count":0,"href":"https:\/\/dormikibris.com\/wp-json\/wp\/v2\/pages\/3411\/revisions"}],"wp:attachment":[{"href":"https:\/\/dormikibris.com\/wp-json\/wp\/v2\/media?parent=3411"}],"curies":[{"name":"wp","href":"https:\/\/api.w.org\/{rel}","templated":true}]}}